{"id":2579,"date":"2024-11-26T17:14:46","date_gmt":"2024-11-26T17:14:46","guid":{"rendered":"https:\/\/beyourstyle.shop\/a-propos\/"},"modified":"2024-12-12T18:42:14","modified_gmt":"2024-12-12T18:42:14","slug":"a-propos","status":"publish","type":"page","link":"https:\/\/beyourstyle.shop\/fr\/a-propos\/","title":{"rendered":"\u00c0 propos"},"content":{"rendered":"\n<div class=\"wp-block-uagb-container uagb-block-75e8747a alignfull uagb-is-root-container\"><div class=\"uagb-container-inner-blocks-wrap\">\n<div class=\"wp-block-uagb-advanced-heading uagb-block-9b9be170\"><h1 class=\"uagb-heading-text\">\u00c0 propos<\/h1><\/div>\n\n\n\n<div class=\"wp-block-uagb-container uagb-block-6702ae20 alignfull uagb-is-root-container\"><div class=\"uagb-container-inner-blocks-wrap\">\n<div class=\"wp-block-uagb-container uagb-block-c09b5596\">\n<div class=\"wp-block-uagb-image uagb-block-bb503963 wp-block-uagb-image--layout-default wp-block-uagb-image--effect-static wp-block-uagb-image--align-none\"><figure class=\"wp-block-uagb-image__figure\"><img loading=\"lazy\" decoding=\"async\" srcset=\"https:\/\/beyourstyle.shop\/wp-content\/uploads\/2024\/11\/43190301_10217706584835426_6458308852315062272_n.jpg ,https:\/\/beyourstyle.shop\/wp-content\/uploads\/2024\/11\/43190301_10217706584835426_6458308852315062272_n.jpg 780w, https:\/\/beyourstyle.shop\/wp-content\/uploads\/2024\/11\/43190301_10217706584835426_6458308852315062272_n.jpg 360w\" sizes=\"auto, (max-width: 480px) 150px\" src=\"https:\/\/beyourstyle.shop\/wp-content\/uploads\/2024\/11\/43190301_10217706584835426_6458308852315062272_n.jpg\" alt=\"\" class=\"uag-image-2242\" width=\"600\" height=\"800\" title=\"43190301_10217706584835426_6458308852315062272_n\" loading=\"lazy\" role=\"img\"><\/figure><\/div>\r\n\n\n\n<div class=\"wp-block-uagb-advanced-heading uagb-block-3e9c7a73\"><h4 class=\"uagb-heading-text\">Kevin Nguyen<\/h4><p class=\"uagb-desc-text\">Fondateur &amp; Designer de Mode<\/p><\/div>\n\n\n\n<div class=\"wp-block-uagb-social-share uagb-social-share__outer-wrap uagb-social-share__layout-horizontal uagb-block-8123f0a8\">\n<div class=\"wp-block-uagb-social-share-child uagb-ss-repeater uagb-ss__wrapper uagb-block-cf657c8d\"><span class=\"uagb-ss__link\" data-href=\"https:\/\/www.facebook.com\/sharer.php?u=\" tabindex=\"0\" role=\"button\" aria-label=\"facebook\"><span class=\"uagb-ss__source-wrap\"><span class=\"uagb-ss__source-icon\"><svg xmlns=\"https:\/\/www.w3.org\/2000\/svg\" viewBox=\"0 0 512 512\"><path d=\"M504 256C504 119 393 8 256 8S8 119 8 256c0 123.8 90.69 226.4 209.3 245V327.7h-63V256h63v-54.64c0-62.15 37-96.48 93.67-96.48 27.14 0 55.52 4.84 55.52 4.84v61h-31.28c-30.8 0-40.41 19.12-40.41 38.73V256h68.78l-11 71.69h-57.78V501C413.3 482.4 504 379.8 504 256z\"><\/path><\/svg><\/span><\/span><\/span><\/div>\n\n\n\n<div class=\"wp-block-uagb-social-share-child uagb-ss-repeater uagb-ss__wrapper uagb-block-909431ce\"><span class=\"uagb-ss__link\" data-href=\"https:\/\/twitter.com\/share?url=\" tabindex=\"0\" role=\"button\" aria-label=\"twitter\"><span class=\"uagb-ss__source-wrap\"><span class=\"uagb-ss__source-icon\"><svg xmlns=\"https:\/\/www.w3.org\/2000\/svg\" viewBox=\"0 0 448 512\"><path d=\"M400 32H48C21.5 32 0 53.5 0 80v352c0 26.5 21.5 48 48 48h352c26.5 0 48-21.5 48-48V80c0-26.5-21.5-48-48-48zm-48.9 158.8c.2 2.8 .2 5.7 .2 8.5 0 86.7-66 186.6-186.6 186.6-37.2 0-71.7-10.8-100.7-29.4 5.3 .6 10.4 .8 15.8 .8 30.7 0 58.9-10.4 81.4-28-28.8-.6-53-19.5-61.3-45.5 10.1 1.5 19.2 1.5 29.6-1.2-30-6.1-52.5-32.5-52.5-64.4v-.8c8.7 4.9 18.9 7.9 29.6 8.3a65.45 65.45 0 0 1 -29.2-54.6c0-12.2 3.2-23.4 8.9-33.1 32.3 39.8 80.8 65.8 135.2 68.6-9.3-44.5 24-80.6 64-80.6 18.9 0 35.9 7.9 47.9 20.7 14.8-2.8 29-8.3 41.6-15.8-4.9 15.2-15.2 28-28.8 36.1 13.2-1.4 26-5.1 37.8-10.2-8.9 13.1-20.1 24.7-32.9 34z\"><\/path><\/svg><\/span><\/span><\/span><\/div>\n\n\n\n<div class=\"wp-block-uagb-social-share-child uagb-ss-repeater uagb-ss__wrapper uagb-block-7b8d19e0\"><span class=\"uagb-ss__link\" data-href=\"https:\/\/www.linkedin.com\/shareArticle?url=\" tabindex=\"0\" role=\"button\" aria-label=\"linkedin\"><span class=\"uagb-ss__source-wrap\"><span class=\"uagb-ss__source-icon\"><svg xmlns=\"https:\/\/www.w3.org\/2000\/svg\" viewBox=\"0 0 448 512\"><path d=\"M416 32H31.9C14.3 32 0 46.5 0 64.3v383.4C0 465.5 14.3 480 31.9 480H416c17.6 0 32-14.5 32-32.3V64.3c0-17.8-14.4-32.3-32-32.3zM135.4 416H69V202.2h66.5V416zm-33.2-243c-21.3 0-38.5-17.3-38.5-38.5S80.9 96 102.2 96c21.2 0 38.5 17.3 38.5 38.5 0 21.3-17.2 38.5-38.5 38.5zm282.1 243h-66.4V312c0-24.8-.5-56.7-34.5-56.7-34.6 0-39.9 27-39.9 54.9V416h-66.4V202.2h63.7v29.2h.9c8.9-16.8 30.6-34.5 62.9-34.5 67.2 0 79.7 44.3 79.7 101.9V416z\"><\/path><\/svg><\/span><\/span><\/span><\/div>\n<\/div>\n<\/div>\n\n\n\n<div class=\"wp-block-uagb-container uagb-block-64b599c0\">\n<p>Bienvenue chez Be Your Style ! Nous sommes une marque de mode en ligne sp\u00e9cialis\u00e9e dans les produits en impression \u00e0 la demande, collaborant avec Printful pour vous proposer des designs uniques et de haute qualit\u00e9.<\/p>\n\n\n\n<p>Chez Be Your Style, nous croyons que la mode est une expression puissante de l&rsquo;individualit\u00e9. C&rsquo;est pourquoi nous cr\u00e9ons et mettons constamment \u00e0 jour nos collections pour nous aligner sur les derni\u00e8res tendances et les pr\u00e9f\u00e9rences vari\u00e9es de nos clients.<\/p>\n\n\n\n<p>Notre gamme de produits comprend des t-shirts, des chapeaux, des sacs et divers accessoires, tous imprim\u00e9s sur mesure pour garantir que chaque article que vous recevez est unique. Nous nous engageons \u00e0 utiliser des mat\u00e9riaux \u00e9cologiques et des processus de production durables pour contribuer \u00e0 la protection de notre plan\u00e8te.<\/p>\n\n\n\n<p>Avec une \u00e9quipe de design cr\u00e9ative et un service client d\u00e9di\u00e9, Be Your Style aspire \u00e0 \u00eatre votre compagnon de confiance dans votre qu\u00eate de d\u00e9couverte de votre style personnel.<\/p>\n\n\n\n<p>Rejoignez-nous pour cr\u00e9er des produits qui vous repr\u00e9sentent vraiment !<\/p>\n<\/div>\n<\/div><\/div>\n\n\n\n<div class=\"wp-block-uagb-container uagb-layout-grid uagb-block-1bc46db7 alignfull uagb-is-root-container\"><div class=\"uagb-container-inner-blocks-wrap\">\n<div class=\"wp-block-uagb-advanced-heading uagb-block-00d44d69\"><h5 class=\"uagb-heading-text\">La Philosophie<\/h5><\/div>\n\n\n\n<div class=\"wp-block-uagb-advanced-heading uagb-block-b4e2ef10\"><p class=\"uagb-heading-text\">Sed ut interdum pellentesque neque, sed commodo dignissim suspendisse dui amet, adipiscing nunc massa amet quam aliquet senectus eu justo, nunc est mauris et fermentum tortor, pharetra condimentum habitant non amet scelerisque nunc tincidunt nisi, et, consectetur dignissim bibendum massa arcu, urna, amet, gravida nec semper est eget.<\/p><p class=\"uagb-desc-text\">Chez Be Your Style, nous croyons que la mode est bien plus que de simples v\u00eatements\u2014c\u2019est une toile pour s\u2019exprimer. Notre philosophie repose sur l\u2019id\u00e9e que chacun m\u00e9rite la libert\u00e9 de d\u00e9finir son propre style, de fixer ses propres r\u00e8gles et de cr\u00e9er des pi\u00e8ces qui refl\u00e8tent v\u00e9ritablement son individualit\u00e9.&#13;\nNous nous engageons \u00e0 :&#13;\n<ul>&#13;\n \t<li><strong>Favoriser l&rsquo;Expression de Soi<\/strong>&#13;\nOffrir des v\u00eatements et accessoires personnalisables pour que vous puissiez porter ce qui vous ressemble vraiment.<\/li>&#13;\n \t<li><strong>Durabilit\u00e9 et R\u00e9flexion<\/strong>&#13;\nChaque pi\u00e8ce est fabriqu\u00e9e \u00e0 la demande pour minimiser les d\u00e9chets et r\u00e9duire notre empreinte environnementale, garantissant que chaque achat est un choix r\u00e9fl\u00e9chi.<\/li>&#13;\n \t<li><strong>Qualit\u00e9 Sans Compromis<\/strong>&#13;\nUtiliser des mat\u00e9riaux et un savoir-faire de qualit\u00e9 sup\u00e9rieure pour proposer des produits durables, confortables et \u00e9l\u00e9gants que vous aimerez porter.<\/li>&#13;\n \t<li><strong>Inclusivit\u00e9 et Polyvalence<\/strong>&#13;\nConcevoir des styles unisexes et des accessoires polyvalents adapt\u00e9s \u00e0 chaque individu, en abolissant les fronti\u00e8res entre la mode homme et femme.&#13;\nChez Be Your Style, il ne s&rsquo;agit pas seulement des tendances\u2014il s&rsquo;agit de cr\u00e9er une mode qui raconte votre histoire. Portez votre personnalit\u00e9, embrassez votre unicit\u00e9, et soyez votre style !<\/li>&#13;\n<\/ul><\/p><\/div>\n<\/div><\/div>\n<\/div><\/div>\n\n<div class=\"wp-block-uagb-container uagb-block-0fce9a82 alignfull uagb-is-root-container\"><div class=\"uagb-container-inner-blocks-wrap\">\n<div class=\"wp-block-uagb-advanced-heading uagb-block-a0d7de27 uag-blocks-common-selector\" style=\"--z-index-desktop:2;;--z-index-tablet:undefined;;--z-index-mobile:undefined;\"><h2 class=\"uagb-heading-text\">T\u00e9moignages<\/h2><\/div>\n\n\n\n<div class=\"wp-block-uagb-container uagb-layout-grid uagb-block-522e767d\">\n<div class=\"wp-block-uagb-testimonial uagb-slick-carousel uagb-tm__arrow-outside uagb-block-62257303 uagb-post__carousel_notset uagb-post__carousel_notset-tablet uagb-post__carousel_notset-mobile\"><div class=\"is-carousel uagb-tm__columns-1 uagb-tm__items\"><div class=\"uagb-testimonial__wrap  uagb-tm__imgicon-style-circle uagb-tm__image-position-bottom uagb-tm__bg-type-none \"><div class=\"uagb-tm__content\"><div class=\"uagb-tm__overlay\"><\/div><div class=\"uagb-tm__text-wrap\"><div class=\"uagb-tm__desc\">\u00ab\u00a0J\u2019ai \u00e9t\u00e9 \u00e9poustoufl\u00e9 par les accessoires uniques de Be Your Style. La qualit\u00e9 est exceptionnelle, et les designs sont tellement polyvalents ! Que ce soit pour une journ\u00e9e d\u00e9contract\u00e9e ou une occasion sp\u00e9ciale, je trouve toujours la pi\u00e8ce parfaite pour compl\u00e9ter mon look.\u00a0\u00bb<\/div><div class=\"uagb-tm__meta-inner\"><div class=\"uagb-tm__image-content\"><div class=\"uagb-tm__image\"><img loading=\"lazy\" decoding=\"async\" class=\"uagb-tm-img-src\" src=\"https:\/\/beyourstyle.shop\/wp-content\/uploads\/2021\/10\/testimonial-4.png\" alt=\"\" width=\"40\" height=\"40\" loading=\"lazy\" title=\"\"><\/div><\/div><div class=\"uagb-testimonial-details\"><span class=\"uagb-tm__author-name\">PAULA robinsON<\/span><span class=\"uagb-tm__company\"><\/span><\/div><\/div><\/div><\/div><\/div><\/div><\/div>\n\n\n\n<div class=\"wp-block-uagb-testimonial uagb-slick-carousel uagb-tm__arrow-outside uagb-block-4be3b529 uagb-post__carousel_notset uagb-post__carousel_notset-tablet uagb-post__carousel_notset-mobile\"><div class=\"is-carousel uagb-tm__columns-1 uagb-tm__items\"><div class=\"uagb-testimonial__wrap  uagb-tm__imgicon-style-circle uagb-tm__image-position-bottom uagb-tm__bg-type-none \"><div class=\"uagb-tm__content\"><div class=\"uagb-tm__overlay\"><\/div><div class=\"uagb-tm__text-wrap\"><div class=\"uagb-tm__desc\">\u00ab\u00a0Be Your Style est ma nouvelle r\u00e9f\u00e9rence pour la mode personnalis\u00e9e ! Leurs t-shirts unisexes ne sont pas seulement \u00e9l\u00e9gants mais aussi incroyablement confortables. J\u2019adore la simplicit\u00e9 avec laquelle je peux personnaliser mes designs pour refl\u00e9ter ma personnalit\u00e9. Cette boutique vous permet vraiment de d\u00e9finir votre style !\u00a0\u00bb<\/div><div class=\"uagb-tm__meta-inner\"><div class=\"uagb-tm__image-content\"><div class=\"uagb-tm__image\"><img loading=\"lazy\" decoding=\"async\" class=\"uagb-tm-img-src\" src=\"https:\/\/beyourstyle.shop\/wp-content\/uploads\/2021\/10\/testimonial-2.png\" alt=\"\" width=\"40\" height=\"40\" loading=\"lazy\" title=\"\"><\/div><\/div><div class=\"uagb-testimonial-details\"><span class=\"uagb-tm__author-name\">Alicia STONE<\/span><span class=\"uagb-tm__company\"><\/span><\/div><\/div><\/div><\/div><\/div><\/div><\/div>\n\n\n\n<div class=\"wp-block-uagb-testimonial uagb-slick-carousel uagb-tm__arrow-outside uagb-block-c1973347 uagb-post__carousel_notset uagb-post__carousel_notset-tablet uagb-post__carousel_notset-mobile\"><div class=\"is-carousel uagb-tm__columns-1 uagb-tm__items\"><div class=\"uagb-testimonial__wrap  uagb-tm__imgicon-style-circle uagb-tm__image-position-bottom uagb-tm__bg-type-none \"><div class=\"uagb-tm__content\"><div class=\"uagb-tm__overlay\"><\/div><div class=\"uagb-tm__text-wrap\"><div class=\"uagb-tm__desc\">\u00ab\u00a0Trouver des v\u00eatements et accessoires tendance, de haute qualit\u00e9 et adapt\u00e9s \u00e0 mon budget a toujours \u00e9t\u00e9 un d\u00e9fi\u2014jusqu\u2019\u00e0 ce que je d\u00e9couvre Be Your Style. Leur collection est incroyable, et la possibilit\u00e9 de personnalisation change tout. Styl\u00e9, abordable et totalement unique !\u00a0\u00bb<\/div><div class=\"uagb-tm__meta-inner\"><div class=\"uagb-tm__image-content\"><div class=\"uagb-tm__image\"><img loading=\"lazy\" decoding=\"async\" class=\"uagb-tm-img-src\" src=\"https:\/\/beyourstyle.shop\/wp-content\/uploads\/2021\/10\/testimonial-1.png\" alt=\"\" width=\"40\" height=\"40\" loading=\"lazy\" title=\"\"><\/div><\/div><div class=\"uagb-testimonial-details\"><span class=\"uagb-tm__author-name\">MATTHEW JOHN<\/span><span class=\"uagb-tm__company\"><\/span><\/div><\/div><\/div><\/div><\/div><\/div><\/div>\n\n\n\n<div class=\"wp-block-uagb-testimonial uagb-slick-carousel uagb-tm__arrow-outside uagb-block-772c14d3 uagb-post__carousel_notset uagb-post__carousel_notset-tablet uagb-post__carousel_notset-mobile\"><div class=\"is-carousel uagb-tm__columns-1 uagb-tm__items\"><div class=\"uagb-testimonial__wrap  uagb-tm__imgicon-style-circle uagb-tm__image-position-bottom uagb-tm__bg-type-none \"><div class=\"uagb-tm__content\"><div class=\"uagb-tm__overlay\"><\/div><div class=\"uagb-tm__text-wrap\"><div class=\"uagb-tm__desc\">\u00ab\u00a0Ce que j\u2019aime le plus chez Be Your Style, c\u2019est leur engagement envers la durabilit\u00e9. Savoir que chaque article est fabriqu\u00e9 \u00e0 la demande rend mes achats r\u00e9fl\u00e9chis et uniques. De plus, les mat\u00e9riaux de qualit\u00e9 premium donnent une sensation de luxe sans le prix exorbitant !\u00a0\u00bb<\/div><div class=\"uagb-tm__meta-inner\"><div class=\"uagb-tm__image-content\"><div class=\"uagb-tm__image\"><img loading=\"lazy\" decoding=\"async\" class=\"uagb-tm-img-src\" src=\"https:\/\/beyourstyle.shop\/wp-content\/uploads\/2021\/10\/testimonial-3.png\" alt=\"\" width=\"40\" height=\"40\" loading=\"lazy\" title=\"\"><\/div><\/div><div class=\"uagb-testimonial-details\"><span class=\"uagb-tm__author-name\">LUIS CARLOS<\/span><span class=\"uagb-tm__company\"><\/span><\/div><\/div><\/div><\/div><\/div><\/div><\/div>\n<\/div>\n<\/div><\/div>\n\n<div class=\"wp-block-uagb-container uagb-block-17b74380 alignfull uagb-is-root-container\"><div class=\"uagb-container-inner-blocks-wrap\">\n<div class=\"wp-block-uagb-container uagb-block-3049d52c\">\n<div class=\"wp-block-uagb-info-box uagb-block-f618e67c uagb-infobox__content-wrap  uagb-infobox-icon-above-title uagb-infobox-image-valign-top\"><div class=\"uagb-ifb-content\"><div class=\"uagb-ifb-icon-wrap\"><svg xmlns=\"https:\/\/www.w3.org\/2000\/svg\" viewbox=\"0 0 512 512\"><path d=\"M272 192V320H304C311 320 317.7 321.5 323.7 324.2L443.8 192H415.5C415.8 186.7 416 181.4 416 176C416 112.1 393.8 54.84 358.9 16.69C450 49.27 493.4 122.6 507.8 173.6C510.5 183.1 502.1 192 493.1 192H487.1L346.8 346.3C350.1 352.8 352 360.2 352 368V464C352 490.5 330.5 512 304 512H207.1C181.5 512 159.1 490.5 159.1 464V368C159.1 360.2 161.9 352.8 165.2 346.3L24.92 192H18.89C9 192 1.483 183.1 4.181 173.6C18.64 122.6 61.97 49.27 153.1 16.69C118.2 54.84 96 112.1 96 176C96 181.4 96.16 186.7 96.47 192H68.17L188.3 324.2C194.3 321.5 200.1 320 207.1 320H239.1V192H128.5C128.2 186.7 127.1 181.4 127.1 176C127.1 125 143.9 80.01 168.2 48.43C192.5 16.89 223.8 0 255.1 0C288.2 0 319.5 16.89 343.8 48.43C368.1 80.01 384 125 384 176C384 181.4 383.8 186.7 383.5 192H272z\"><\/path><\/svg><\/div><div class=\"uagb-ifb-title-wrap\"><h6 class=\"uagb-ifb-title\">Retour sous 30 jours<\/h6><\/div><p class=\"uagb-ifb-desc\">U<\/p><\/div><\/div>\n<\/div>\n\n\n\n<div class=\"wp-block-uagb-container uagb-block-53a10b1d\">\n<div class=\"wp-block-uagb-info-box uagb-block-1c30e908 uagb-infobox__content-wrap  uagb-infobox-icon-above-title uagb-infobox-image-valign-top\"><div class=\"uagb-ifb-content\"><div class=\"uagb-ifb-icon-wrap\"><svg xmlns=\"https:\/\/www.w3.org\/2000\/svg\" viewbox=\"0 0 640 512\"><path d=\"M112 0C85.49 0 64 21.49 64 48V96H16C7.163 96 0 103.2 0 112C0 120.8 7.163 128 16 128H272C280.8 128 288 135.2 288 144C288 152.8 280.8 160 272 160H48C39.16 160 32 167.2 32 176C32 184.8 39.16 192 48 192H240C248.8 192 256 199.2 256 208C256 216.8 248.8 224 240 224H16C7.163 224 0 231.2 0 240C0 248.8 7.163 256 16 256H208C216.8 256 224 263.2 224 272C224 280.8 216.8 288 208 288H64V416C64 469 106.1 512 160 512C213 512 256 469 256 416H384C384 469 426.1 512 480 512C533 512 576 469 576 416H608C625.7 416 640 401.7 640 384C640 366.3 625.7 352 608 352V237.3C608 220.3 601.3 204 589.3 192L512 114.7C499.1 102.7 483.7 96 466.7 96H416V48C416 21.49 394.5 0 368 0H112zM544 237.3V256H416V160H466.7L544 237.3zM160 464C133.5 464 112 442.5 112 416C112 389.5 133.5 368 160 368C186.5 368 208 389.5 208 416C208 442.5 186.5 464 160 464zM528 416C528 442.5 506.5 464 480 464C453.5 464 432 442.5 432 416C432 389.5 453.5 368 480 368C506.5 368 528 389.5 528 416z\"><\/path><\/svg><\/div><div class=\"uagb-ifb-title-wrap\"><h6 class=\"uagb-ifb-title\">Livraison gratuite<\/h6><\/div><p class=\"uagb-ifb-desc\">Valable pour une commande d&rsquo;une valeur \u00e0 partir de 2000 USD<\/p><\/div><\/div>\n<\/div>\n\n\n\n<div class=\"wp-block-uagb-container uagb-block-b52f2a27\">\n<div class=\"wp-block-uagb-advanced-heading uagb-block-51079577\"><h5 class=\"uagb-heading-text\">Inscription \u00e0 la newsletter<\/h5><\/div>\n\n\n\n<div class=\"wp-block-uagb-forms uagb-forms__outer-wrap uagb-block-d276cdda uagb-forms__default-btn uagb-forms-inline-field uagb-forms-button-desk-width-33 uagb-forms-column-gap-5 uagb-forms-button-mobile-width-100\"><form class=\"uagb-forms-main-form\" method=\"post\" autocomplete=\"on\" name=\"uagb-form-d276cdda\">\n<div class=\"wp-block-uagb-forms-email uagb-forms-email-wrap uagb-forms-field-set uagb-block-256e3189 uagb-forms-field-desk-width-60 uagb-forms-field-mobile-width-100\"><div class=\"uagb-forms-email-label required uagb-forms-input-label\" id=\"256e3189\">Email<\/div><input type=\"email\" class=\"uagb-forms-email-input uagb-forms-input\" placeholder=\"Your email please\" required name=\"256e3189\" autocomplete=\"email\"\/><\/div>\r\n<div class=\"uagb-forms-form-hidden-data\"><input type=\"hidden\" class=\"uagb_forms_form_label\" value=\"Spectra Form\"\/><input type=\"hidden\" class=\"uagb_forms_form_id\" value=\"uagb-form-d276cdda\"\/><\/div><div class=\"uagb-form-reacaptcha-error-d276cdda\"><\/div><div class=\"uagb-forms-main-submit-button-wrap wp-block-button\"><button class=\"uagb-forms-main-submit-button ast-outline-button\" style=\"border-width:revert-layer\"><div class=\"uagb-forms-main-submit-button-text\">S\u2019abonner<\/div><\/button><\/div><\/form><div class=\"uagb-forms-success-message-d276cdda uagb-forms-submit-message-hide\"><span>The form has been submitted successfully!<\/span><\/div><div class=\"uagb-forms-failed-message-d276cdda uagb-forms-submit-message-hide\"><span>There has been some error while submitting the form. Please verify all form fields again.<\/span><\/div><\/div>\n<\/div>\n<\/div><\/div>\n\n<p><\/p>\n","protected":false},"excerpt":{"rendered":"<p>\u00c0 propos Kevin Nguyen Fondateur &amp; Designer de Mode Bienvenue chez Be Your Style ! Nous sommes une marque de mode en ligne sp\u00e9cialis\u00e9e dans les produits en impression \u00e0 la demande, collaborant avec Printful pour vous proposer des designs uniques et de haute qualit\u00e9. Chez Be Your Style, nous croyons que la mode est [&hellip;]<\/p>\n","protected":false},"author":1,"featured_media":0,"parent":0,"menu_order":0,"comment_status":"closed","ping_status":"closed","template":"","meta":{"_uag_custom_page_level_css":"","site-sidebar-layout":"no-sidebar","site-content-layout":"page-builder","ast-site-content-layout":"full-width-container","site-content-style":"unboxed","site-sidebar-style":"unboxed","ast-global-header-display":"","ast-banner-title-visibility":"","ast-main-header-display":"","ast-hfb-above-header-display":"","ast-hfb-below-header-display":"","ast-hfb-mobile-header-display":"","site-post-title":"disabled","ast-breadcrumbs-content":"","ast-featured-img":"disabled","footer-sml-layout":"","theme-transparent-header-meta":"default","adv-header-id-meta":"","stick-header-meta":"","header-above-stick-meta":"","header-main-stick-meta":"","header-below-stick-meta":"","astra-migrate-meta-layouts":"default","ast-page-background-enabled":"default","ast-page-background-meta":{"desktop":{"background-color":"var(--ast-global-color-4)","background-image":"","background-repeat":"repeat","background-position":"center center","background-size":"auto","background-attachment":"scroll","background-type":"","background-media":"","overlay-type":"","overlay-color":"","overlay-opacity":"","overlay-gradient":""},"tablet":{"background-color":"","background-image":"","background-repeat":"repeat","background-position":"center center","background-size":"auto","background-attachment":"scroll","background-type":"","background-media":"","overlay-type":"","overlay-color":"","overlay-opacity":"","overlay-gradient":""},"mobile":{"background-color":"","background-image":"","background-repeat":"repeat","background-position":"center center","background-size":"auto","background-attachment":"scroll","background-type":"","background-media":"","overlay-type":"","overlay-color":"","overlay-opacity":"","overlay-gradient":""}},"ast-content-background-meta":{"desktop":{"background-color":"var(--ast-global-color-5)","background-image":"","background-repeat":"repeat","background-position":"center center","background-size":"auto","background-attachment":"scroll","background-type":"","background-media":"","overlay-type":"","overlay-color":"","overlay-opacity":"","overlay-gradient":""},"tablet":{"background-color":"var(--ast-global-color-5)","background-image":"","background-repeat":"repeat","background-position":"center center","background-size":"auto","background-attachment":"scroll","background-type":"","background-media":"","overlay-type":"","overlay-color":"","overlay-opacity":"","overlay-gradient":""},"mobile":{"background-color":"var(--ast-global-color-5)","background-image":"","background-repeat":"repeat","background-position":"center center","background-size":"auto","background-attachment":"scroll","background-type":"","background-media":"","overlay-type":"","overlay-color":"","overlay-opacity":"","overlay-gradient":""}},"footnotes":""},"class_list":["post-2579","page","type-page","status-publish","hentry"],"uagb_featured_image_src":{"full":false,"thumbnail":false,"medium":false,"medium_large":false,"large":false,"1536x1536":false,"2048x2048":false,"woocommerce_thumbnail":false,"woocommerce_single":false,"woocommerce_gallery_thumbnail":false,"variation_swatches_image_size":false,"variation_swatches_tooltip_size":false},"uagb_author_info":{"display_name":"nh.hiep2710@gmail.com","author_link":"https:\/\/beyourstyle.shop\/fr\/author\/nh-hiep2710gmail-com\/"},"uagb_comment_info":0,"uagb_excerpt":"\u00c0 propos Kevin Nguyen Fondateur &amp; Designer de Mode Bienvenue chez Be Your Style ! Nous sommes une marque de mode en ligne sp\u00e9cialis\u00e9e dans les produits en impression \u00e0 la demande, collaborant avec Printful pour vous proposer des designs uniques et de haute qualit\u00e9. Chez Be Your Style, nous croyons que la mode est\u2026","_links":{"self":[{"href":"https:\/\/beyourstyle.shop\/fr\/wp-json\/wp\/v2\/pages\/2579","targetHints":{"allow":["GET"]}}],"collection":[{"href":"https:\/\/beyourstyle.shop\/fr\/wp-json\/wp\/v2\/pages"}],"about":[{"href":"https:\/\/beyourstyle.shop\/fr\/wp-json\/wp\/v2\/types\/page"}],"author":[{"embeddable":true,"href":"https:\/\/beyourstyle.shop\/fr\/wp-json\/wp\/v2\/users\/1"}],"replies":[{"embeddable":true,"href":"https:\/\/beyourstyle.shop\/fr\/wp-json\/wp\/v2\/comments?post=2579"}],"version-history":[{"count":1,"href":"https:\/\/beyourstyle.shop\/fr\/wp-json\/wp\/v2\/pages\/2579\/revisions"}],"predecessor-version":[{"id":2582,"href":"https:\/\/beyourstyle.shop\/fr\/wp-json\/wp\/v2\/pages\/2579\/revisions\/2582"}],"wp:attachment":[{"href":"https:\/\/beyourstyle.shop\/fr\/wp-json\/wp\/v2\/media?parent=2579"}],"curies":[{"name":"wp","href":"https:\/\/api.w.org\/{rel}","templated":true}]}}